{"id":1643,"date":"2025-07-16T03:25:25","date_gmt":"2025-07-16T03:25:25","guid":{"rendered":"https:\/\/tuvanatugsavul.com\/blog\/"},"modified":"2025-08-13T17:20:32","modified_gmt":"2025-08-13T17:20:32","slug":"tributes","status":"publish","type":"page","link":"https:\/\/tuvanatugsavul.com\/en\/tributes\/","title":{"rendered":"TRIBUTES"},"content":{"rendered":"\t\t<div data-elementor-type=\"wp-page\" data-elementor-id=\"1643\" class=\"elementor elementor-1643 elementor-226\" data-elementor-post-type=\"page\">\n\t\t\t\t<div class=\"elementor-element elementor-element-99d68d4 e-flex e-con-boxed e-con e-parent\" data-id=\"99d68d4\" data-element_type=\"container\" data-e-type=\"container\">\n\t\t\t\t\t<div class=\"e-con-inner\">\n\t\t\t\t<div class=\"elementor-element elementor-element-be010ce elementor-widget elementor-widget-spacer\" data-id=\"be010ce\" data-element_type=\"widget\" data-e-type=\"widget\" data-widget_type=\"spacer.default\">\n\t\t\t\t\t\t\t<div class=\"elementor-spacer\">\n\t\t\t<div class=\"elementor-spacer-inner\"><\/div>\n\t\t<\/div>\n\t\t\t\t\t\t<\/div>\n\t\t\t\t\t<\/div>\n\t\t\t\t<\/div>\n\t\t<div class=\"elementor-element elementor-element-aae9579 e-flex e-con-boxed e-con e-parent\" data-id=\"aae9579\" data-element_type=\"container\" data-e-type=\"container\">\n\t\t\t\t\t<div class=\"e-con-inner\">\n\t\t\t\t<div class=\"elementor-element elementor-element-b48dcfc animated-slow elementor-invisible elementor-widget elementor-widget-heading\" data-id=\"b48dcfc\" data-element_type=\"widget\" data-e-type=\"widget\" data-settings=\"{&quot;_animation&quot;:&quot;fadeInRight&quot;}\" data-widget_type=\"heading.default\">\n\t\t\t\t\t<h1 class=\"elementor-heading-title elementor-size-default\">Every word from her loving friends and relatives, is an echo of her light<\/h1>\t\t\t\t<\/div>\n\t\t\t\t\t<\/div>\n\t\t\t\t<\/div>\n\t\t<div class=\"elementor-element elementor-element-46fe30a e-flex e-con-boxed e-con e-parent\" data-id=\"46fe30a\" data-element_type=\"container\" data-e-type=\"container\">\n\t\t\t\t\t<div class=\"e-con-inner\">\n\t\t\t\t<div class=\"elementor-element elementor-element-c97ea90 elementor-widget elementor-widget-spacer\" data-id=\"c97ea90\" data-element_type=\"widget\" data-e-type=\"widget\" data-widget_type=\"spacer.default\">\n\t\t\t\t\t\t\t<div class=\"elementor-spacer\">\n\t\t\t<div class=\"elementor-spacer-inner\"><\/div>\n\t\t<\/div>\n\t\t\t\t\t\t<\/div>\n\t\t\t\t\t<\/div>\n\t\t\t\t<\/div>\n\t\t<div class=\"elementor-element elementor-element-2a41401 e-flex e-con-boxed e-con e-parent\" data-id=\"2a41401\" data-element_type=\"container\" data-e-type=\"container\">\n\t\t\t\t\t<div class=\"e-con-inner\">\n\t\t\t\t<div class=\"elementor-element elementor-element-727ebc8 elementor-grid-3 elementor-grid-tablet-2 elementor-grid-mobile-1 elementor-posts--thumbnail-top elementor-posts--show-avatar elementor-card-shadow-yes elementor-posts__hover-gradient elementor-widget elementor-widget-posts\" data-id=\"727ebc8\" data-element_type=\"widget\" data-e-type=\"widget\" data-settings=\"{&quot;pagination_type&quot;:&quot;prev_next&quot;,&quot;cards_columns&quot;:&quot;3&quot;,&quot;cards_columns_tablet&quot;:&quot;2&quot;,&quot;cards_columns_mobile&quot;:&quot;1&quot;,&quot;cards_row_gap&quot;:{&quot;unit&quot;:&quot;px&quot;,&quot;size&quot;:35,&quot;sizes&quot;:[]},&quot;cards_row_gap_tablet&quot;:{&quot;unit&quot;:&quot;px&quot;,&quot;size&quot;:&quot;&quot;,&quot;sizes&quot;:[]},&quot;cards_row_gap_mobile&quot;:{&quot;unit&quot;:&quot;px&quot;,&quot;size&quot;:&quot;&quot;,&quot;sizes&quot;:[]}}\" data-widget_type=\"posts.cards\">\n\t\t\t\t<div class=\"elementor-widget-container\">\n\t\t\t\t\t\t\t<div class=\"elementor-posts-container elementor-posts elementor-posts--skin-cards elementor-grid\" role=\"list\">\n\t\t\t\t<article class=\"elementor-post elementor-grid-item post-1815 post type-post status-publish format-standard hentry category-uncategorized wpbf-post\" role=\"listitem\">\n\t\t\t<div class=\"elementor-post__card\">\n\t\t\t\t<div class=\"elementor-post__text\">\n\t\t\t\t<h2 class=\"elementor-post__title\">\n\t\t\t<a href=\"https:\/\/tuvanatugsavul.com\/en\/uncategorized\/chere-tuvana\/\" target=&quot;_blank&quot;>\n\t\t\t\tCh\u00e8re T\u00fcvana\t\t\t<\/a>\n\t\t<\/h2>\n\t\t\t\t<div class=\"elementor-post__excerpt\">\n\t\t\t<p>My sincere condolences to the Tu\u011fsavul family and friends. I am so sorry for your loss. My thoughts are with you during this difficult time. May you find comfort and strength in the love that surrounds you and in the memories you hold dear \ud83d\udd4a\ufe0f\ud83e\udd0d\ud83d\ude4f\ud83c\udffc Ch\u00e8re T\u00fcvana, Ce n\u2019est qu\u2019hier<\/p>\n\t\t<\/div>\n\t\t\t\t\t<div class=\"elementor-post__read-more-wrapper\">\n\t\t\n\t\t<a class=\"elementor-post__read-more\" href=\"https:\/\/tuvanatugsavul.com\/en\/uncategorized\/chere-tuvana\/\" aria-label=\"Read more about Ch\u00e8re T\u00fcvana\" tabindex=\"-1\" target=\"_blank\">\n\t\t\tRead More \u00bb\t\t<\/a>\n\n\t\t\t\t\t<\/div>\n\t\t\t\t<\/div>\n\t\t\t\t<div class=\"elementor-post__meta-data\">\n\t\t\t\t\t<span class=\"elementor-post-date\">\n\t\t\tAugust 13, 2025\t\t<\/span>\n\t\t\t\t<\/div>\n\t\t\t\t\t<\/div>\n\t\t<\/article>\n\t\t\t\t<article class=\"elementor-post elementor-grid-item post-1806 post type-post status-publish format-standard hentry category-uncategorized wpbf-post\" role=\"listitem\">\n\t\t\t<div class=\"elementor-post__card\">\n\t\t\t\t<div class=\"elementor-post__text\">\n\t\t\t\t<h2 class=\"elementor-post__title\">\n\t\t\t<a href=\"https:\/\/tuvanatugsavul.com\/en\/uncategorized\/je-taime-%e2%9d%a4%f0%9f%8c%b9\/\" target=&quot;_blank&quot;>\n\t\t\t\tJe t&#8217;aime \u2764\ud83c\udf39\t\t\t<\/a>\n\t\t<\/h2>\n\t\t\t\t<div class=\"elementor-post__excerpt\">\n\t\t\t\t\t<\/div>\n\t\t\t\t\t<div class=\"elementor-post__read-more-wrapper\">\n\t\t\n\t\t<a class=\"elementor-post__read-more\" href=\"https:\/\/tuvanatugsavul.com\/en\/uncategorized\/je-taime-%e2%9d%a4%f0%9f%8c%b9\/\" aria-label=\"Read more about Je t&#8217;aime \u2764\ud83c\udf39\" tabindex=\"-1\" target=\"_blank\">\n\t\t\tRead More \u00bb\t\t<\/a>\n\n\t\t\t\t\t<\/div>\n\t\t\t\t<\/div>\n\t\t\t\t<div class=\"elementor-post__meta-data\">\n\t\t\t\t\t<span class=\"elementor-post-date\">\n\t\t\tAugust 13, 2025\t\t<\/span>\n\t\t\t\t<\/div>\n\t\t\t\t\t<\/div>\n\t\t<\/article>\n\t\t\t\t<article class=\"elementor-post elementor-grid-item post-1792 post type-post status-publish format-standard hentry category-uncategorized-tr wpbf-post\" role=\"listitem\">\n\t\t\t<div class=\"elementor-post__card\">\n\t\t\t\t<div class=\"elementor-post__text\">\n\t\t\t\t<h2 class=\"elementor-post__title\">\n\t\t\t<a href=\"https:\/\/tuvanatugsavul.com\/en\/uncategorized\/jenny-en\/\" target=&quot;_blank&quot;>\n\t\t\t\tTuvana, je t\u2019aime et tu me manques.\t\t\t<\/a>\n\t\t<\/h2>\n\t\t\t\t<div class=\"elementor-post__excerpt\">\n\t\t\t<p>J\u2019ai plein de souvenirs d\u2019enfance avec toi. A bodrum entre autre.. plan plan plan.. nous nous eclations toutes les 4. Aujourd\u2019hui, ici, tout est \u00e9clat\u00e9. Heureusement que nous avons ces bons souvenirs et ces moments joyeux en t\u00eate. Je t\u2019embrasse tr\u00e8s fort. Jenny Yaz<\/p>\n\t\t<\/div>\n\t\t\t\t\t<div class=\"elementor-post__read-more-wrapper\">\n\t\t\n\t\t<a class=\"elementor-post__read-more\" href=\"https:\/\/tuvanatugsavul.com\/en\/uncategorized\/jenny-en\/\" aria-label=\"Read more about Tuvana, je t\u2019aime et tu me manques.\" tabindex=\"-1\" target=\"_blank\">\n\t\t\tRead More \u00bb\t\t<\/a>\n\n\t\t\t\t\t<\/div>\n\t\t\t\t<\/div>\n\t\t\t\t<div class=\"elementor-post__meta-data\">\n\t\t\t\t\t<span class=\"elementor-post-date\">\n\t\t\tAugust 11, 2025\t\t<\/span>\n\t\t\t\t<\/div>\n\t\t\t\t\t<\/div>\n\t\t<\/article>\n\t\t\t\t<article class=\"elementor-post elementor-grid-item post-1661 post type-post status-publish format-standard hentry category-her-family wpbf-post\" role=\"listitem\">\n\t\t\t<div class=\"elementor-post__card\">\n\t\t\t\t<div class=\"elementor-post__text\">\n\t\t\t\t<h2 class=\"elementor-post__title\">\n\t\t\t<a href=\"https:\/\/tuvanatugsavul.com\/en\/her-family\/tuvana-my-first-and-brightest-joy\/\" target=&quot;_blank&quot;>\n\t\t\t\tT\u00fcvana, my first and brightest joy!\t\t\t<\/a>\n\t\t<\/h2>\n\t\t\t\t<div class=\"elementor-post__excerpt\">\n\t\t\t<p>G\u00f6nderen:\u00a0Babas\u0131 \u015eibay \/ 8 A\u011fustos 2025 T\u00fcvana, the first light of my heart. The day you were born, they showed you to me in the hospital. You were a baby with spiky hair. Sometimes, I would let you fall asleep on my chest. And in those moments, I wished I<\/p>\n\t\t<\/div>\n\t\t\t\t\t<div class=\"elementor-post__read-more-wrapper\">\n\t\t\n\t\t<a class=\"elementor-post__read-more\" href=\"https:\/\/tuvanatugsavul.com\/en\/her-family\/tuvana-my-first-and-brightest-joy\/\" aria-label=\"Read more about T\u00fcvana, my first and brightest joy!\" tabindex=\"-1\" target=\"_blank\">\n\t\t\tRead More \u00bb\t\t<\/a>\n\n\t\t\t\t\t<\/div>\n\t\t\t\t<\/div>\n\t\t\t\t<div class=\"elementor-post__meta-data\">\n\t\t\t\t\t<span class=\"elementor-post-date\">\n\t\t\tAugust 8, 2025\t\t<\/span>\n\t\t\t\t<\/div>\n\t\t\t\t\t<\/div>\n\t\t<\/article>\n\t\t\t\t<article class=\"elementor-post elementor-grid-item post-1679 post type-post status-publish format-standard hentry category-her-family wpbf-post\" role=\"listitem\">\n\t\t\t<div class=\"elementor-post__card\">\n\t\t\t\t<div class=\"elementor-post__text\">\n\t\t\t\t<h2 class=\"elementor-post__title\">\n\t\t\t<a href=\"https:\/\/tuvanatugsavul.com\/en\/her-family\/we-will-never-forget\/\" target=&quot;_blank&quot;>\n\t\t\t\tWe Will Never Forget!\t\t\t<\/a>\n\t\t<\/h2>\n\t\t\t\t<div class=\"elementor-post__excerpt\">\n\t\t\t<p>G\u00f6nderen:\u00a0Annesi Sumru&#8217;dan \/ 8 A\u011fustos 2025 My Dearest Daughter, There are no words to describe your absence. No comfort, no cure\u2026 just a deep, piercing emptiness that cuts through and leaves me aching. You never liked goodbyes \u2014 and yet you left without one\u2026 Since the day you left, life<\/p>\n\t\t<\/div>\n\t\t\t\t\t<div class=\"elementor-post__read-more-wrapper\">\n\t\t\n\t\t<a class=\"elementor-post__read-more\" href=\"https:\/\/tuvanatugsavul.com\/en\/her-family\/we-will-never-forget\/\" aria-label=\"Read more about We Will Never Forget!\" tabindex=\"-1\" target=\"_blank\">\n\t\t\tRead More \u00bb\t\t<\/a>\n\n\t\t\t\t\t<\/div>\n\t\t\t\t<\/div>\n\t\t\t\t<div class=\"elementor-post__meta-data\">\n\t\t\t\t\t<span class=\"elementor-post-date\">\n\t\t\tAugust 8, 2025\t\t<\/span>\n\t\t\t\t<\/div>\n\t\t\t\t\t<\/div>\n\t\t<\/article>\n\t\t\t\t<\/div>\n\t\t\n\t\t\t\t\t\t<\/div>\n\t\t\t\t<\/div>\n\t\t\t\t\t<\/div>\n\t\t\t\t<\/div>\n\t\t<div class=\"elementor-element elementor-element-f47fcdf e-flex e-con-boxed e-con e-parent\" data-id=\"f47fcdf\" data-element_type=\"container\" data-e-type=\"container\">\n\t\t\t\t\t<div class=\"e-con-inner\">\n\t\t\t\t<div class=\"elementor-element elementor-element-8e98423 elementor-widget elementor-widget-spacer\" data-id=\"8e98423\" data-element_type=\"widget\" data-e-type=\"widget\" data-widget_type=\"spacer.default\">\n\t\t\t\t\t\t\t<div class=\"elementor-spacer\">\n\t\t\t<div class=\"elementor-spacer-inner\"><\/div>\n\t\t<\/div>\n\t\t\t\t\t\t<\/div>\n\t\t\t\t\t<\/div>\n\t\t\t\t<\/div>\n\t\t\t\t<\/div>\n\t\t","protected":false},"excerpt":{"rendered":"<p>Every word from her loving friends and relatives, is an echo of her light<\/p>\n","protected":false},"author":1,"featured_media":0,"parent":0,"menu_order":0,"comment_status":"closed","ping_status":"closed","template":"","meta":{"footnotes":""},"class_list":["post-1643","page","type-page","status-publish","hentry","wpbf-post"],"_links":{"self":[{"href":"https:\/\/tuvanatugsavul.com\/en\/wp-json\/wp\/v2\/pages\/1643","targetHints":{"allow":["GET"]}}],"collection":[{"href":"https:\/\/tuvanatugsavul.com\/en\/wp-json\/wp\/v2\/pages"}],"about":[{"href":"https:\/\/tuvanatugsavul.com\/en\/wp-json\/wp\/v2\/types\/page"}],"author":[{"embeddable":true,"href":"https:\/\/tuvanatugsavul.com\/en\/wp-json\/wp\/v2\/users\/1"}],"replies":[{"embeddable":true,"href":"https:\/\/tuvanatugsavul.com\/en\/wp-json\/wp\/v2\/comments?post=1643"}],"version-history":[{"count":13,"href":"https:\/\/tuvanatugsavul.com\/en\/wp-json\/wp\/v2\/pages\/1643\/revisions"}],"predecessor-version":[{"id":1814,"href":"https:\/\/tuvanatugsavul.com\/en\/wp-json\/wp\/v2\/pages\/1643\/revisions\/1814"}],"wp:attachment":[{"href":"https:\/\/tuvanatugsavul.com\/en\/wp-json\/wp\/v2\/media?parent=1643"}],"curies":[{"name":"wp","href":"https:\/\/api.w.org\/{rel}","templated":true}]}}