{"id":1548,"date":"2025-07-15T23:22:08","date_gmt":"2025-07-15T23:22:08","guid":{"rendered":"https:\/\/tuvanatugsavul.com\/home\/"},"modified":"2025-08-08T13:41:46","modified_gmt":"2025-08-08T13:41:46","slug":"home","status":"publish","type":"page","link":"https:\/\/tuvanatugsavul.com\/en\/","title":{"rendered":"WELCOME"},"content":{"rendered":"\t\t<div data-elementor-type=\"wp-page\" data-elementor-id=\"1548\" class=\"elementor elementor-1548 elementor-24\" data-elementor-post-type=\"page\">\n\t\t\t\t<div class=\"elementor-element elementor-element-55b8161 e-flex e-con-boxed e-con e-parent\" data-id=\"55b8161\" data-element_type=\"container\" data-e-type=\"container\">\n\t\t\t\t\t<div class=\"e-con-inner\">\n\t\t\t\t<div class=\"elementor-element elementor-element-7fe9829 elementor-widget elementor-widget-spacer\" data-id=\"7fe9829\" data-element_type=\"widget\" data-e-type=\"widget\" data-widget_type=\"spacer.default\">\n\t\t\t\t\t\t\t<div class=\"elementor-spacer\">\n\t\t\t<div class=\"elementor-spacer-inner\"><\/div>\n\t\t<\/div>\n\t\t\t\t\t\t<\/div>\n\t\t\t\t\t<\/div>\n\t\t\t\t<\/div>\n\t\t<div class=\"elementor-element elementor-element-d5371de e-con-full e-flex e-con e-parent\" data-id=\"d5371de\" data-element_type=\"container\" data-e-type=\"container\">\n\t\t<div class=\"elementor-element elementor-element-a7922e8 e-con-full e-flex e-con e-child\" data-id=\"a7922e8\" data-element_type=\"container\" data-e-type=\"container\" data-settings=\"{&quot;background_background&quot;:&quot;classic&quot;}\">\n\t\t\t\t<div class=\"elementor-element elementor-element-4ca8320 animated-slow elementor-invisible elementor-widget elementor-widget-image\" data-id=\"4ca8320\" data-element_type=\"widget\" data-e-type=\"widget\" data-settings=\"{&quot;_animation&quot;:&quot;fadeIn&quot;}\" data-widget_type=\"image.default\">\n\t\t\t\t\t\t\t\t\t\t\t\t\t\t\t<img fetchpriority=\"high\" decoding=\"async\" width=\"1240\" height=\"500\" src=\"https:\/\/tuvanatugsavul.com\/wp-content\/uploads\/2025\/07\/TuvanaHomeR.webp\" class=\"attachment-full size-full wp-image-1372\" alt=\"THomeResim\" srcset=\"https:\/\/tuvanatugsavul.com\/wp-content\/uploads\/2025\/07\/TuvanaHomeR.webp 1240w, https:\/\/tuvanatugsavul.com\/wp-content\/uploads\/2025\/07\/TuvanaHomeR-300x121.webp 300w, https:\/\/tuvanatugsavul.com\/wp-content\/uploads\/2025\/07\/TuvanaHomeR-1024x413.webp 1024w, https:\/\/tuvanatugsavul.com\/wp-content\/uploads\/2025\/07\/TuvanaHomeR-768x310.webp 768w\" sizes=\"(max-width: 1240px) 100vw, 1240px\" \/>\t\t\t\t\t\t\t\t\t\t\t\t\t\t\t<\/div>\n\t\t\t\t<div class=\"elementor-element elementor-element-d129d32 animated-slow elementor-invisible elementor-widget elementor-widget-heading\" data-id=\"d129d32\" data-element_type=\"widget\" data-e-type=\"widget\" data-settings=\"{&quot;_animation&quot;:&quot;fadeInDown&quot;}\" data-widget_type=\"heading.default\">\n\t\t\t\t\t<h1 class=\"elementor-heading-title elementor-size-default\">T\u00dcVANA TU\u011eSAVUL<\/h1>\t\t\t\t<\/div>\n\t\t\t\t<div class=\"elementor-element elementor-element-aa68573 animated-slow elementor-invisible elementor-widget elementor-widget-heading\" data-id=\"aa68573\" data-element_type=\"widget\" data-e-type=\"widget\" data-settings=\"{&quot;_animation&quot;:&quot;fadeInUp&quot;}\" data-widget_type=\"heading.default\">\n\t\t\t\t\t<h4 class=\"elementor-heading-title elementor-size-default\">8 January 1987 - 13 August 2024<\/h4>\t\t\t\t<\/div>\n\t\t\t\t<\/div>\n\t\t\t\t<\/div>\n\t\t<div class=\"elementor-element elementor-element-2256be3 e-flex e-con-boxed e-con e-parent\" data-id=\"2256be3\" data-element_type=\"container\" data-e-type=\"container\">\n\t\t\t\t\t<div class=\"e-con-inner\">\n\t\t\t\t<div class=\"elementor-element elementor-element-a6ee452 elementor-widget elementor-widget-spacer\" data-id=\"a6ee452\" data-element_type=\"widget\" data-e-type=\"widget\" data-widget_type=\"spacer.default\">\n\t\t\t\t\t\t\t<div class=\"elementor-spacer\">\n\t\t\t<div class=\"elementor-spacer-inner\"><\/div>\n\t\t<\/div>\n\t\t\t\t\t\t<\/div>\n\t\t\t\t\t<\/div>\n\t\t\t\t<\/div>\n\t\t<div class=\"elementor-element elementor-element-aa27d3c e-con-full e-flex e-con e-parent\" data-id=\"aa27d3c\" data-element_type=\"container\" data-e-type=\"container\">\n\t\t\t\t<div class=\"elementor-element elementor-element-8292a31 animated-slow elementor-invisible elementor-widget elementor-widget-heading\" data-id=\"8292a31\" data-element_type=\"widget\" data-e-type=\"widget\" data-settings=\"{&quot;_animation&quot;:&quot;fadeInRight&quot;}\" data-widget_type=\"heading.default\">\n\t\t\t\t\t<h2 class=\"elementor-heading-title elementor-size-default\">Together, we keep alive the light that touches T\u00fcvana\u2019s life.<\/h2>\t\t\t\t<\/div>\n\t\t\t\t<\/div>\n\t\t<div class=\"elementor-element elementor-element-92ac646 e-flex e-con-boxed e-con e-parent\" data-id=\"92ac646\" data-element_type=\"container\" data-e-type=\"container\">\n\t\t\t\t\t<div class=\"e-con-inner\">\n\t\t\t\t<div class=\"elementor-element elementor-element-d58dd35 elementor-widget elementor-widget-spacer\" data-id=\"d58dd35\" data-element_type=\"widget\" data-e-type=\"widget\" data-widget_type=\"spacer.default\">\n\t\t\t\t\t\t\t<div class=\"elementor-spacer\">\n\t\t\t<div class=\"elementor-spacer-inner\"><\/div>\n\t\t<\/div>\n\t\t\t\t\t\t<\/div>\n\t\t\t\t\t<\/div>\n\t\t\t\t<\/div>\n\t\t<div class=\"elementor-element elementor-element-4175273 e-flex e-con-boxed e-con e-parent\" data-id=\"4175273\" data-element_type=\"container\" data-e-type=\"container\">\n\t\t\t\t\t<div class=\"e-con-inner\">\n\t\t\t\t<div class=\"elementor-element elementor-element-36a10e0 elementor-widget elementor-widget-text-editor\" data-id=\"36a10e0\" data-element_type=\"widget\" data-e-type=\"widget\" data-widget_type=\"text-editor.default\">\n\t\t\t\t\t\t\t\t\t<p><a href=\"\/en\/essence#more-than-a-name\" target=\"_blank\" rel=\"noopener\">More Than a Name: Meaning of T\u00fcvana<\/a><\/p>\t\t\t\t\t\t\t\t<\/div>\n\t\t\t\t\t<\/div>\n\t\t\t\t<\/div>\n\t\t<div class=\"elementor-element elementor-element-567b80d e-flex e-con-boxed e-con e-parent\" data-id=\"567b80d\" data-element_type=\"container\" data-e-type=\"container\">\n\t\t\t\t\t<div class=\"e-con-inner\">\n\t\t\t\t<div class=\"elementor-element elementor-element-04ea35e elementor-widget elementor-widget-text-editor\" data-id=\"04ea35e\" data-element_type=\"widget\" data-e-type=\"widget\" data-widget_type=\"text-editor.default\">\n\t\t\t\t\t\t\t\t\t<p><a href=\"\/en\/essence#in-the-footsteps-of-the-light\" target=\"_blank\" rel=\"noopener\">In the Footsteps of the Light: Travel from Ankara to \u0130stanbul<\/a><\/p>\t\t\t\t\t\t\t\t<\/div>\n\t\t\t\t\t<\/div>\n\t\t\t\t<\/div>\n\t\t<div class=\"elementor-element elementor-element-e10198f e-flex e-con-boxed e-con e-parent\" data-id=\"e10198f\" data-element_type=\"container\" data-e-type=\"container\">\n\t\t\t\t\t<div class=\"e-con-inner\">\n\t\t\t\t<div class=\"elementor-element elementor-element-ec9279c elementor-widget elementor-widget-text-editor\" data-id=\"ec9279c\" data-element_type=\"widget\" data-e-type=\"widget\" data-widget_type=\"text-editor.default\">\n\t\t\t\t\t\t\t\t\t<p><a href=\"\/en\/essence#the-story-of-the-steps\" target=\"_blank\" rel=\"noopener\">The Story of the Steps<\/a><\/p>\t\t\t\t\t\t\t\t<\/div>\n\t\t\t\t\t<\/div>\n\t\t\t\t<\/div>\n\t\t<div class=\"elementor-element elementor-element-403bb78 e-flex e-con-boxed e-con e-parent\" data-id=\"403bb78\" data-element_type=\"container\" data-e-type=\"container\">\n\t\t\t\t\t<div class=\"e-con-inner\">\n\t\t\t\t<div class=\"elementor-element elementor-element-fed0a38 elementor-widget elementor-widget-text-editor\" data-id=\"fed0a38\" data-element_type=\"widget\" data-e-type=\"widget\" data-widget_type=\"text-editor.default\">\n\t\t\t\t\t\t\t\t\t<p><a href=\"\/en\/essence#a-silent-night\" target=\"_blank\" rel=\"noopener\">A Silent Night: Journey that Bid Adieu to Light<\/a><\/p>\t\t\t\t\t\t\t\t<\/div>\n\t\t\t\t\t<\/div>\n\t\t\t\t<\/div>\n\t\t<div class=\"elementor-element elementor-element-40d35c1 e-flex e-con-boxed e-con e-parent\" data-id=\"40d35c1\" data-element_type=\"container\" data-e-type=\"container\">\n\t\t\t\t\t<div class=\"e-con-inner\">\n\t\t\t\t<div class=\"elementor-element elementor-element-83575ab elementor-widget elementor-widget-text-editor\" data-id=\"83575ab\" data-element_type=\"widget\" data-e-type=\"widget\" data-widget_type=\"text-editor.default\">\n\t\t\t\t\t\t\t\t\t<p><a href=\"\/en\/essence#attachments-and-passions\" target=\"_blank\" rel=\"noopener\">Attachments and Passions: The Inner Universe of T\u00fcvana<\/a><\/p>\t\t\t\t\t\t\t\t<\/div>\n\t\t\t\t\t<\/div>\n\t\t\t\t<\/div>\n\t\t<div class=\"elementor-element elementor-element-02eb95a e-flex e-con-boxed e-con e-parent\" data-id=\"02eb95a\" data-element_type=\"container\" data-e-type=\"container\">\n\t\t\t\t\t<div class=\"e-con-inner\">\n\t\t\t\t<div class=\"elementor-element elementor-element-000c1e9 elementor-widget elementor-widget-text-editor\" data-id=\"000c1e9\" data-element_type=\"widget\" data-e-type=\"widget\" data-widget_type=\"text-editor.default\">\n\t\t\t\t\t\t\t\t\t<p><a href=\"\/en\/essence#this-is-the-end\" target=\"_blank\" rel=\"noopener\">This is the End\u2026 I Love You\u2026 Goodbye! <\/a><\/p>\t\t\t\t\t\t\t\t<\/div>\n\t\t\t\t\t<\/div>\n\t\t\t\t<\/div>\n\t\t<div class=\"elementor-element elementor-element-65b67da e-flex e-con-boxed e-con e-parent\" data-id=\"65b67da\" data-element_type=\"container\" data-e-type=\"container\">\n\t\t\t\t\t<div class=\"e-con-inner\">\n\t\t\t\t<div class=\"elementor-element elementor-element-c3786ad elementor-widget elementor-widget-spacer\" data-id=\"c3786ad\" data-element_type=\"widget\" data-e-type=\"widget\" data-widget_type=\"spacer.default\">\n\t\t\t\t\t\t\t<div class=\"elementor-spacer\">\n\t\t\t<div class=\"elementor-spacer-inner\"><\/div>\n\t\t<\/div>\n\t\t\t\t\t\t<\/div>\n\t\t\t\t<div class=\"elementor-element elementor-element-a8f688a elementor-widget elementor-widget-image\" data-id=\"a8f688a\" data-element_type=\"widget\" data-e-type=\"widget\" data-widget_type=\"image.default\">\n\t\t\t\t\t\t\t\t\t\t\t\t\t\t\t<img decoding=\"async\" width=\"250\" height=\"250\" src=\"https:\/\/tuvanatugsavul.com\/wp-content\/uploads\/2025\/07\/LogoD.gif\" class=\"attachment-full size-full wp-image-1370\" alt=\"\" \/>\t\t\t\t\t\t\t\t\t\t\t\t\t\t\t<\/div>\n\t\t\t\t\t<\/div>\n\t\t\t\t<\/div>\n\t\t<div class=\"elementor-element elementor-element-88dac25 e-flex e-con-boxed e-con e-parent\" data-id=\"88dac25\" data-element_type=\"container\" data-e-type=\"container\">\n\t\t\t\t\t<div class=\"e-con-inner\">\n\t\t\t\t<div class=\"elementor-element elementor-element-19ba569 elementor-widget elementor-widget-spacer\" data-id=\"19ba569\" data-element_type=\"widget\" data-e-type=\"widget\" data-widget_type=\"spacer.default\">\n\t\t\t\t\t\t\t<div class=\"elementor-spacer\">\n\t\t\t<div class=\"elementor-spacer-inner\"><\/div>\n\t\t<\/div>\n\t\t\t\t\t\t<\/div>\n\t\t\t\t\t<\/div>\n\t\t\t\t<\/div>\n\t\t\t\t<\/div>\n\t\t","protected":false},"excerpt":{"rendered":"<p>T\u00dcVANA TU\u011eSAVUL 8 January 1987 &#8211; 13 August 2024 Together, we keep alive the light that touches T\u00fcvana\u2019s life. More Than a Name: Meaning of T\u00fcvana In the Footsteps of the Light: Travel from Ankara to \u0130stanbul The Story of the Steps A Silent Night: Journey that Bid Adieu to [&hellip;]<\/p>\n","protected":false},"author":1,"featured_media":0,"parent":0,"menu_order":0,"comment_status":"closed","ping_status":"closed","template":"","meta":{"footnotes":""},"class_list":["post-1548","page","type-page","status-publish","hentry","wpbf-post"],"_links":{"self":[{"href":"https:\/\/tuvanatugsavul.com\/en\/wp-json\/wp\/v2\/pages\/1548","targetHints":{"allow":["GET"]}}],"collection":[{"href":"https:\/\/tuvanatugsavul.com\/en\/wp-json\/wp\/v2\/pages"}],"about":[{"href":"https:\/\/tuvanatugsavul.com\/en\/wp-json\/wp\/v2\/types\/page"}],"author":[{"embeddable":true,"href":"https:\/\/tuvanatugsavul.com\/en\/wp-json\/wp\/v2\/users\/1"}],"replies":[{"embeddable":true,"href":"https:\/\/tuvanatugsavul.com\/en\/wp-json\/wp\/v2\/comments?post=1548"}],"version-history":[{"count":13,"href":"https:\/\/tuvanatugsavul.com\/en\/wp-json\/wp\/v2\/pages\/1548\/revisions"}],"predecessor-version":[{"id":1735,"href":"https:\/\/tuvanatugsavul.com\/en\/wp-json\/wp\/v2\/pages\/1548\/revisions\/1735"}],"wp:attachment":[{"href":"https:\/\/tuvanatugsavul.com\/en\/wp-json\/wp\/v2\/media?parent=1548"}],"curies":[{"name":"wp","href":"https:\/\/api.w.org\/{rel}","templated":true}]}}